{"id":41,"date":"2022-01-27T20:12:26","date_gmt":"2022-01-27T20:12:26","guid":{"rendered":"http:\/\/vicson.es\/?page_id=41"},"modified":"2022-09-20T20:13:57","modified_gmt":"2022-09-20T20:13:57","slug":"inicio-vicson","status":"publish","type":"page","link":"https:\/\/vicson.es\/","title":{"rendered":"Portada"},"content":{"rendered":"\n<div style=\"height:10px\" aria-hidden=\"true\" class=\"wp-block-spacer\"><\/div>\n\n\n\n<div class=\"wp-block-columns is-layout-flex wp-container-core-columns-is-layout-9d6595d7 wp-block-columns-is-layout-flex\">\n<div class=\"wp-block-column has-theme-palette-7-background-color has-background is-layout-flow wp-block-column-is-layout-flow\" style=\"flex-basis:30%\">\n<!-- Custom Twitter Feeds by Smash Balloon -->\n<div id=\"ctf\" class=\" ctf ctf-type-usertimeline ctf-rebranded ctf-feed-1  ctf-styles ctf-list ctf-regular-style\"   data-ctfshortcode=\"{&quot;feed&quot;:1}\"   data-ctfdisablelinks=\"false\" data-ctflinktextcolor=\"#\" data-header-size=\"small\" data-feedid=\"1\" data-postid=\"41\"  data-feed=\"1\" data-ctfintents=\"1\"  data-ctfneeded=\"5\">\n            <div id=\"ctf\" class=\"ctf\">\n            <div class=\"ctf-error\">\n                <div class=\"ctf-error-user\">\n\t\t\t\t\tEl feed de Twitter no est\u00e1 disponible en este momento.                <\/div>\n            <\/div>\n        <\/div>\n\t\t    <div class=\"ctf-tweets\">\n   \t\t    <\/div>\n    \n<\/div>\n\n<\/div>\n\n\n\n<div class=\"wp-block-column is-layout-flow wp-block-column-is-layout-flow\" style=\"flex-basis:40%\"><div class=\"sb_instagram_header  sbi_header_outside\"   >\n\t<a class=\"sbi_header_link\" target=\"_blank\"\n\t   rel=\"nofollow noopener\" href=\"https:\/\/www.instagram.com\/victorsonido\/\" title=\"@victorsonido\">\n\t\t<div class=\"sbi_header_text\">\n\t\t\t<div class=\"sbi_header_img\">\n\t\t\t\t\t\t\t\t\t<div class=\"sbi_header_img_hover\"  ><svg class=\"sbi_new_logo fa-instagram fa-w-14\" aria-hidden=\"true\" data-fa-processed=\"\" aria-label=\"Instagram\" data-prefix=\"fab\" data-icon=\"instagram\" role=\"img\" viewBox=\"0 0 448 512\">\n                    <path fill=\"currentColor\" d=\"M224.1 141c-63.6 0-114.9 51.3-114.9 114.9s51.3 114.9 114.9 114.9S339 319.5 339 255.9 287.7 141 224.1 141zm0 189.6c-41.1 0-74.7-33.5-74.7-74.7s33.5-74.7 74.7-74.7 74.7 33.5 74.7 74.7-33.6 74.7-74.7 74.7zm146.4-194.3c0 14.9-12 26.8-26.8 26.8-14.9 0-26.8-12-26.8-26.8s12-26.8 26.8-26.8 26.8 12 26.8 26.8zm76.1 27.2c-1.7-35.9-9.9-67.7-36.2-93.9-26.2-26.2-58-34.4-93.9-36.2-37-2.1-147.9-2.1-184.9 0-35.8 1.7-67.6 9.9-93.9 36.1s-34.4 58-36.2 93.9c-2.1 37-2.1 147.9 0 184.9 1.7 35.9 9.9 67.7 36.2 93.9s58 34.4 93.9 36.2c37 2.1 147.9 2.1 184.9 0 35.9-1.7 67.7-9.9 93.9-36.2 26.2-26.2 34.4-58 36.2-93.9 2.1-37 2.1-147.8 0-184.8zM398.8 388c-7.8 19.6-22.9 34.7-42.6 42.6-29.5 11.7-99.5 9-132.1 9s-102.7 2.6-132.1-9c-19.6-7.8-34.7-22.9-42.6-42.6-11.7-29.5-9-99.5-9-132.1s-2.6-102.7 9-132.1c7.8-19.6 22.9-34.7 42.6-42.6 29.5-11.7 99.5-9 132.1-9s102.7-2.6 132.1 9c19.6 7.8 34.7 22.9 42.6 42.6 11.7 29.5 9 99.5 9 132.1s2.7 102.7-9 132.1z\"><\/path>\n                <\/svg><\/div>\n\t\t\t\t\t<img decoding=\"async\"  src=\"http:\/\/vicson.es\/wp-content\/uploads\/2022\/02\/Instagram_icon-1250.png\" alt=\"\" width=\"50\" height=\"50\">\n\t\t\t\t\n\t\t\t\t\t\t\t<\/div>\n\n\t\t\t<div class=\"sbi_feedtheme_header_text\">\n\t\t\t\t<h3>victorsonido<\/h3>\n\t\t\t\t\t\t\t\t\t<p class=\"sbi_bio\">Cositas audiovisuales<\/p>\n\t\t\t\t\t\t\t<\/div>\n\t\t<\/div>\n\t<\/a>\n<\/div>\n\n<div id=\"sb_instagram\"  class=\"sbi sbi_mob_col_2 sbi_tab_col_2 sbi_col_2\" style=\"padding-bottom: 2px; width: 100%;\"\t data-feedid=\"*1\"  data-res=\"auto\" data-cols=\"2\" data-colsmobile=\"2\" data-colstablet=\"2\" data-num=\"4\" data-nummobile=\"2\" data-item-padding=\"1\"\t data-shortcode-atts=\"{}\"  data-postid=\"41\" data-locatornonce=\"a2817aea08\" data-imageaspectratio=\"1:1\" data-sbi-flags=\"favorLocal\">\n\t\n\t<div id=\"sbi_images\"  style=\"gap: 2px;\">\n\t\t<div class=\"sbi_item sbi_type_image sbi_new sbi_transition\"\n\tid=\"sbi_17913611624619746\" data-date=\"1676492330\">\n\t<div class=\"sbi_photo_wrap\">\n\t\t<a class=\"sbi_photo\" href=\"https:\/\/www.instagram.com\/p\/Cosjl6zoAmf\/\" target=\"_blank\" rel=\"noopener nofollow\"\n\t\t\tdata-full-res=\"https:\/\/scontent-fra5-2.cdninstagram.com\/v\/t51.29350-15\/330804598_1253050118928596_4443148483861019618_n.jpg?_nc_cat=106&#038;ccb=1-7&#038;_nc_sid=8ae9d6&#038;_nc_ohc=Hmsf8pLY3IUAX_6WL3D&#038;_nc_ht=scontent-fra5-2.cdninstagram.com&#038;edm=ANo9K5cEAAAA&#038;oh=00_AfB5SbSYu8LESkjVyM5kf5lz1oWCq2E8tpN-782KFahyYg&#038;oe=6473F1D2\"\n\t\t\tdata-img-src-set=\"{&quot;d&quot;:&quot;https:\\\/\\\/scontent-fra5-2.cdninstagram.com\\\/v\\\/t51.29350-15\\\/330804598_1253050118928596_4443148483861019618_n.jpg?_nc_cat=106&amp;ccb=1-7&amp;_nc_sid=8ae9d6&amp;_nc_ohc=Hmsf8pLY3IUAX_6WL3D&amp;_nc_ht=scontent-fra5-2.cdninstagram.com&amp;edm=ANo9K5cEAAAA&amp;oh=00_AfB5SbSYu8LESkjVyM5kf5lz1oWCq2E8tpN-782KFahyYg&amp;oe=6473F1D2&quot;,&quot;150&quot;:&quot;https:\\\/\\\/scontent-fra5-2.cdninstagram.com\\\/v\\\/t51.29350-15\\\/330804598_1253050118928596_4443148483861019618_n.jpg?_nc_cat=106&amp;ccb=1-7&amp;_nc_sid=8ae9d6&amp;_nc_ohc=Hmsf8pLY3IUAX_6WL3D&amp;_nc_ht=scontent-fra5-2.cdninstagram.com&amp;edm=ANo9K5cEAAAA&amp;oh=00_AfB5SbSYu8LESkjVyM5kf5lz1oWCq2E8tpN-782KFahyYg&amp;oe=6473F1D2&quot;,&quot;320&quot;:&quot;https:\\\/\\\/scontent-fra5-2.cdninstagram.com\\\/v\\\/t51.29350-15\\\/330804598_1253050118928596_4443148483861019618_n.jpg?_nc_cat=106&amp;ccb=1-7&amp;_nc_sid=8ae9d6&amp;_nc_ohc=Hmsf8pLY3IUAX_6WL3D&amp;_nc_ht=scontent-fra5-2.cdninstagram.com&amp;edm=ANo9K5cEAAAA&amp;oh=00_AfB5SbSYu8LESkjVyM5kf5lz1oWCq2E8tpN-782KFahyYg&amp;oe=6473F1D2&quot;,&quot;640&quot;:&quot;https:\\\/\\\/scontent-fra5-2.cdninstagram.com\\\/v\\\/t51.29350-15\\\/330804598_1253050118928596_4443148483861019618_n.jpg?_nc_cat=106&amp;ccb=1-7&amp;_nc_sid=8ae9d6&amp;_nc_ohc=Hmsf8pLY3IUAX_6WL3D&amp;_nc_ht=scontent-fra5-2.cdninstagram.com&amp;edm=ANo9K5cEAAAA&amp;oh=00_AfB5SbSYu8LESkjVyM5kf5lz1oWCq2E8tpN-782KFahyYg&amp;oe=6473F1D2&quot;}\">\n\t\t\t<span class=\"sbi-screenreader\">The Vicsons + Mikal. Definitivamente los aprendice<\/span>\n\t\t\t\t\t\t\t\t\t<img decoding=\"async\" src=\"https:\/\/vicson.es\/wp-content\/plugins\/instagram-feed\/img\/placeholder.png\" alt=\"The Vicsons + Mikal. Definitivamente los aprendices superan al maestro.\" aria-hidden=\"true\">\n\t\t<\/a>\n\t<\/div>\n<\/div><div class=\"sbi_item sbi_type_image sbi_new sbi_transition\"\n\tid=\"sbi_18231745438167886\" data-date=\"1676463171\">\n\t<div class=\"sbi_photo_wrap\">\n\t\t<a class=\"sbi_photo\" href=\"https:\/\/www.instagram.com\/p\/Corr-cVIh8M\/\" target=\"_blank\" rel=\"noopener nofollow\"\n\t\t\tdata-full-res=\"https:\/\/scontent-fra3-1.cdninstagram.com\/v\/t51.29350-15\/331105441_695250678969273_943831881953314834_n.jpg?_nc_cat=110&#038;ccb=1-7&#038;_nc_sid=8ae9d6&#038;_nc_ohc=jbMg3LLcfHQAX-rNSDC&#038;_nc_ht=scontent-fra3-1.cdninstagram.com&#038;edm=ANo9K5cEAAAA&#038;oh=00_AfB0ug_0Ul_uv_AeLWd1pR_mneCZgk-YiektHtTQl8JkLA&#038;oe=6474975D\"\n\t\t\tdata-img-src-set=\"{&quot;d&quot;:&quot;https:\\\/\\\/scontent-fra3-1.cdninstagram.com\\\/v\\\/t51.29350-15\\\/331105441_695250678969273_943831881953314834_n.jpg?_nc_cat=110&amp;ccb=1-7&amp;_nc_sid=8ae9d6&amp;_nc_ohc=jbMg3LLcfHQAX-rNSDC&amp;_nc_ht=scontent-fra3-1.cdninstagram.com&amp;edm=ANo9K5cEAAAA&amp;oh=00_AfB0ug_0Ul_uv_AeLWd1pR_mneCZgk-YiektHtTQl8JkLA&amp;oe=6474975D&quot;,&quot;150&quot;:&quot;https:\\\/\\\/scontent-fra3-1.cdninstagram.com\\\/v\\\/t51.29350-15\\\/331105441_695250678969273_943831881953314834_n.jpg?_nc_cat=110&amp;ccb=1-7&amp;_nc_sid=8ae9d6&amp;_nc_ohc=jbMg3LLcfHQAX-rNSDC&amp;_nc_ht=scontent-fra3-1.cdninstagram.com&amp;edm=ANo9K5cEAAAA&amp;oh=00_AfB0ug_0Ul_uv_AeLWd1pR_mneCZgk-YiektHtTQl8JkLA&amp;oe=6474975D&quot;,&quot;320&quot;:&quot;https:\\\/\\\/scontent-fra3-1.cdninstagram.com\\\/v\\\/t51.29350-15\\\/331105441_695250678969273_943831881953314834_n.jpg?_nc_cat=110&amp;ccb=1-7&amp;_nc_sid=8ae9d6&amp;_nc_ohc=jbMg3LLcfHQAX-rNSDC&amp;_nc_ht=scontent-fra3-1.cdninstagram.com&amp;edm=ANo9K5cEAAAA&amp;oh=00_AfB0ug_0Ul_uv_AeLWd1pR_mneCZgk-YiektHtTQl8JkLA&amp;oe=6474975D&quot;,&quot;640&quot;:&quot;https:\\\/\\\/scontent-fra3-1.cdninstagram.com\\\/v\\\/t51.29350-15\\\/331105441_695250678969273_943831881953314834_n.jpg?_nc_cat=110&amp;ccb=1-7&amp;_nc_sid=8ae9d6&amp;_nc_ohc=jbMg3LLcfHQAX-rNSDC&amp;_nc_ht=scontent-fra3-1.cdninstagram.com&amp;edm=ANo9K5cEAAAA&amp;oh=00_AfB0ug_0Ul_uv_AeLWd1pR_mneCZgk-YiektHtTQl8JkLA&amp;oe=6474975D&quot;}\">\n\t\t\t<span class=\"sbi-screenreader\">Pr\u00f3xima generaci\u00f3n de sonidistas ready, escondan a<\/span>\n\t\t\t\t\t\t\t\t\t<img decoding=\"async\" src=\"https:\/\/vicson.es\/wp-content\/plugins\/instagram-feed\/img\/placeholder.png\" alt=\"Pr\u00f3xima generaci\u00f3n de sonidistas ready, escondan a los ni\u00f1os!\" aria-hidden=\"true\">\n\t\t<\/a>\n\t<\/div>\n<\/div><div class=\"sbi_item sbi_type_image sbi_new sbi_transition\"\n\tid=\"sbi_17990045539763911\" data-date=\"1676299504\">\n\t<div class=\"sbi_photo_wrap\">\n\t\t<a class=\"sbi_photo\" href=\"https:\/\/www.instagram.com\/p\/ComzzpFI6_1\/\" target=\"_blank\" rel=\"noopener nofollow\"\n\t\t\tdata-full-res=\"https:\/\/scontent-fra5-2.cdninstagram.com\/v\/t51.29350-15\/330429275_555764329952151_5437769639914723656_n.jpg?_nc_cat=107&#038;ccb=1-7&#038;_nc_sid=8ae9d6&#038;_nc_ohc=heLdRQLxZzIAX-WOUjo&#038;_nc_ht=scontent-fra5-2.cdninstagram.com&#038;edm=ANo9K5cEAAAA&#038;oh=00_AfAPgKoclBw1-I9zhhNrVPGQCt50gsgSwMPQMQcgnEbMlg&#038;oe=64731736\"\n\t\t\tdata-img-src-set=\"{&quot;d&quot;:&quot;https:\\\/\\\/scontent-fra5-2.cdninstagram.com\\\/v\\\/t51.29350-15\\\/330429275_555764329952151_5437769639914723656_n.jpg?_nc_cat=107&amp;ccb=1-7&amp;_nc_sid=8ae9d6&amp;_nc_ohc=heLdRQLxZzIAX-WOUjo&amp;_nc_ht=scontent-fra5-2.cdninstagram.com&amp;edm=ANo9K5cEAAAA&amp;oh=00_AfAPgKoclBw1-I9zhhNrVPGQCt50gsgSwMPQMQcgnEbMlg&amp;oe=64731736&quot;,&quot;150&quot;:&quot;https:\\\/\\\/scontent-fra5-2.cdninstagram.com\\\/v\\\/t51.29350-15\\\/330429275_555764329952151_5437769639914723656_n.jpg?_nc_cat=107&amp;ccb=1-7&amp;_nc_sid=8ae9d6&amp;_nc_ohc=heLdRQLxZzIAX-WOUjo&amp;_nc_ht=scontent-fra5-2.cdninstagram.com&amp;edm=ANo9K5cEAAAA&amp;oh=00_AfAPgKoclBw1-I9zhhNrVPGQCt50gsgSwMPQMQcgnEbMlg&amp;oe=64731736&quot;,&quot;320&quot;:&quot;https:\\\/\\\/scontent-fra5-2.cdninstagram.com\\\/v\\\/t51.29350-15\\\/330429275_555764329952151_5437769639914723656_n.jpg?_nc_cat=107&amp;ccb=1-7&amp;_nc_sid=8ae9d6&amp;_nc_ohc=heLdRQLxZzIAX-WOUjo&amp;_nc_ht=scontent-fra5-2.cdninstagram.com&amp;edm=ANo9K5cEAAAA&amp;oh=00_AfAPgKoclBw1-I9zhhNrVPGQCt50gsgSwMPQMQcgnEbMlg&amp;oe=64731736&quot;,&quot;640&quot;:&quot;https:\\\/\\\/scontent-fra5-2.cdninstagram.com\\\/v\\\/t51.29350-15\\\/330429275_555764329952151_5437769639914723656_n.jpg?_nc_cat=107&amp;ccb=1-7&amp;_nc_sid=8ae9d6&amp;_nc_ohc=heLdRQLxZzIAX-WOUjo&amp;_nc_ht=scontent-fra5-2.cdninstagram.com&amp;edm=ANo9K5cEAAAA&amp;oh=00_AfAPgKoclBw1-I9zhhNrVPGQCt50gsgSwMPQMQcgnEbMlg&amp;oe=64731736&quot;}\">\n\t\t\t<span class=\"sbi-screenreader\">As\u00ed s\u00ed, despu\u00e9s de dos a\u00f1os hemos aprendido\u2026<\/span>\n\t\t\t\t\t\t\t\t\t<img decoding=\"async\" src=\"https:\/\/vicson.es\/wp-content\/plugins\/instagram-feed\/img\/placeholder.png\" alt=\"As\u00ed s\u00ed, despu\u00e9s de dos a\u00f1os hemos aprendido\u2026\" aria-hidden=\"true\">\n\t\t<\/a>\n\t<\/div>\n<\/div><div class=\"sbi_item sbi_type_image sbi_new sbi_transition\"\n\tid=\"sbi_17954339108206973\" data-date=\"1669273800\">\n\t<div class=\"sbi_photo_wrap\">\n\t\t<a class=\"sbi_photo\" href=\"https:\/\/www.instagram.com\/p\/ClVbVsXI2WH\/\" target=\"_blank\" rel=\"noopener nofollow\"\n\t\t\tdata-full-res=\"https:\/\/scontent-fra5-1.cdninstagram.com\/v\/t51.29350-15\/316651356_1487502901771803_8860898259320344053_n.jpg?_nc_cat=111&#038;ccb=1-7&#038;_nc_sid=8ae9d6&#038;_nc_ohc=XdLJWYeicU8AX-1IFce&#038;_nc_ht=scontent-fra5-1.cdninstagram.com&#038;edm=ANo9K5cEAAAA&#038;oh=00_AfDrRWTA8C16mjsOYHLaKq0SD9hV13r6G4EliyTtTUcDDg&#038;oe=64746B66\"\n\t\t\tdata-img-src-set=\"{&quot;d&quot;:&quot;https:\\\/\\\/scontent-fra5-1.cdninstagram.com\\\/v\\\/t51.29350-15\\\/316651356_1487502901771803_8860898259320344053_n.jpg?_nc_cat=111&amp;ccb=1-7&amp;_nc_sid=8ae9d6&amp;_nc_ohc=XdLJWYeicU8AX-1IFce&amp;_nc_ht=scontent-fra5-1.cdninstagram.com&amp;edm=ANo9K5cEAAAA&amp;oh=00_AfDrRWTA8C16mjsOYHLaKq0SD9hV13r6G4EliyTtTUcDDg&amp;oe=64746B66&quot;,&quot;150&quot;:&quot;https:\\\/\\\/scontent-fra5-1.cdninstagram.com\\\/v\\\/t51.29350-15\\\/316651356_1487502901771803_8860898259320344053_n.jpg?_nc_cat=111&amp;ccb=1-7&amp;_nc_sid=8ae9d6&amp;_nc_ohc=XdLJWYeicU8AX-1IFce&amp;_nc_ht=scontent-fra5-1.cdninstagram.com&amp;edm=ANo9K5cEAAAA&amp;oh=00_AfDrRWTA8C16mjsOYHLaKq0SD9hV13r6G4EliyTtTUcDDg&amp;oe=64746B66&quot;,&quot;320&quot;:&quot;https:\\\/\\\/scontent-fra5-1.cdninstagram.com\\\/v\\\/t51.29350-15\\\/316651356_1487502901771803_8860898259320344053_n.jpg?_nc_cat=111&amp;ccb=1-7&amp;_nc_sid=8ae9d6&amp;_nc_ohc=XdLJWYeicU8AX-1IFce&amp;_nc_ht=scontent-fra5-1.cdninstagram.com&amp;edm=ANo9K5cEAAAA&amp;oh=00_AfDrRWTA8C16mjsOYHLaKq0SD9hV13r6G4EliyTtTUcDDg&amp;oe=64746B66&quot;,&quot;640&quot;:&quot;https:\\\/\\\/scontent-fra5-1.cdninstagram.com\\\/v\\\/t51.29350-15\\\/316651356_1487502901771803_8860898259320344053_n.jpg?_nc_cat=111&amp;ccb=1-7&amp;_nc_sid=8ae9d6&amp;_nc_ohc=XdLJWYeicU8AX-1IFce&amp;_nc_ht=scontent-fra5-1.cdninstagram.com&amp;edm=ANo9K5cEAAAA&amp;oh=00_AfDrRWTA8C16mjsOYHLaKq0SD9hV13r6G4EliyTtTUcDDg&amp;oe=64746B66&quot;}\">\n\t\t\t<span class=\"sbi-screenreader\">Lucas Electrowinner!<\/span>\n\t\t\t\t\t\t\t\t\t<img decoding=\"async\" src=\"https:\/\/vicson.es\/wp-content\/plugins\/instagram-feed\/img\/placeholder.png\" alt=\"Lucas Electrowinner!\" aria-hidden=\"true\">\n\t\t<\/a>\n\t<\/div>\n<\/div>\t<\/div>\n\n\t<div id=\"sbi_load\" >\n\n\t\t\t<button class=\"sbi_load_btn\"\n\t\t\ttype=\"button\"  style=\"background: rgb(244,199,47);color: rgb(0,0,0);\">\n\t\t\t<span class=\"sbi_btn_text\" >Cargar m\u00e1s...<\/span>\n\t\t\t<span class=\"sbi_loader sbi_hidden\" style=\"background-color: rgb(255, 255, 255);\" aria-hidden=\"true\"><\/span>\n\t\t<\/button>\n\t\n\t\t\t<span class=\"sbi_follow_btn\" >\n\t\t\t<a target=\"_blank\"\n\t\t\t\trel=\"nofollow noopener\"  href=\"https:\/\/www.instagram.com\/victorsonido\/\">\n\t\t\t\t<svg class=\"svg-inline--fa fa-instagram fa-w-14\" aria-hidden=\"true\" data-fa-processed=\"\" aria-label=\"Instagram\" data-prefix=\"fab\" data-icon=\"instagram\" role=\"img\" viewBox=\"0 0 448 512\">\n                    <path fill=\"currentColor\" d=\"M224.1 141c-63.6 0-114.9 51.3-114.9 114.9s51.3 114.9 114.9 114.9S339 319.5 339 255.9 287.7 141 224.1 141zm0 189.6c-41.1 0-74.7-33.5-74.7-74.7s33.5-74.7 74.7-74.7 74.7 33.5 74.7 74.7-33.6 74.7-74.7 74.7zm146.4-194.3c0 14.9-12 26.8-26.8 26.8-14.9 0-26.8-12-26.8-26.8s12-26.8 26.8-26.8 26.8 12 26.8 26.8zm76.1 27.2c-1.7-35.9-9.9-67.7-36.2-93.9-26.2-26.2-58-34.4-93.9-36.2-37-2.1-147.9-2.1-184.9 0-35.8 1.7-67.6 9.9-93.9 36.1s-34.4 58-36.2 93.9c-2.1 37-2.1 147.9 0 184.9 1.7 35.9 9.9 67.7 36.2 93.9s58 34.4 93.9 36.2c37 2.1 147.9 2.1 184.9 0 35.9-1.7 67.7-9.9 93.9-36.2 26.2-26.2 34.4-58 36.2-93.9 2.1-37 2.1-147.8 0-184.8zM398.8 388c-7.8 19.6-22.9 34.7-42.6 42.6-29.5 11.7-99.5 9-132.1 9s-102.7 2.6-132.1-9c-19.6-7.8-34.7-22.9-42.6-42.6-11.7-29.5-9-99.5-9-132.1s-2.6-102.7 9-132.1c7.8-19.6 22.9-34.7 42.6-42.6 29.5-11.7 99.5-9 132.1-9s102.7-2.6 132.1 9c19.6 7.8 34.7 22.9 42.6 42.6 11.7 29.5 9 99.5 9 132.1s2.7 102.7-9 132.1z\"><\/path>\n                <\/svg>\t\t\t\t<span>Instagram<\/span>\n\t\t\t<\/a>\n\t\t<\/span>\n\t\n<\/div>\n\t\t<span class=\"sbi_resized_image_data\" data-feed-id=\"*1\"\n\t\t  data-resized=\"{&quot;17954339108206973&quot;:{&quot;id&quot;:&quot;316651356_1487502901771803_8860898259320344053_n&quot;,&quot;ratio&quot;:&quot;1.33&quot;,&quot;sizes&quot;:{&quot;full&quot;:640,&quot;low&quot;:320,&quot;thumb&quot;:150}},&quot;17990045539763911&quot;:{&quot;id&quot;:&quot;330429275_555764329952151_5437769639914723656_n&quot;,&quot;ratio&quot;:&quot;0.80&quot;,&quot;sizes&quot;:{&quot;full&quot;:640,&quot;low&quot;:320,&quot;thumb&quot;:150}},&quot;18231745438167886&quot;:{&quot;id&quot;:&quot;331105441_695250678969273_943831881953314834_n&quot;,&quot;ratio&quot;:&quot;0.97&quot;,&quot;sizes&quot;:{&quot;full&quot;:640,&quot;low&quot;:320,&quot;thumb&quot;:150}},&quot;17913611624619746&quot;:{&quot;id&quot;:&quot;330804598_1253050118928596_4443148483861019618_n&quot;,&quot;ratio&quot;:&quot;0.93&quot;,&quot;sizes&quot;:{&quot;full&quot;:640,&quot;low&quot;:320,&quot;thumb&quot;:150}}}\">\n\t<\/span>\n\t<\/div>\n\n\t<style type=\"text\/css\">\n\t\t\t\t#sb_instagram #sbi_load .sbi_load_btn:focus,\n\t\t#sb_instagram #sbi_load .sbi_load_btn:hover {\n\t\t\toutline: none;\n\t\t\tbox-shadow: inset 0 0 20px 20px#E0EE26;\n\t\t}\n\n\t\t\t\t\t<\/style>\n\t\n\n\n\n<h3 class=\"has-text-align-center wp-block-heading\" id=\"noticias-hispasonic-actualizadas\" style=\"font-style:normal;font-weight:600\">      Noticias Hispasonic<\/h3>\n\n\n<ul class=\"has-dates alignleft wp-block-rss\"><li class='wp-block-rss__item'><div class='wp-block-rss__item-title'><a href='https:\/\/www.hispasonic.com\/noticias\/haken-audio-slim21-continuum-control-mpe-extremo-formato-21-teclas\/49023'>Haken Audio Slim21 Continuum: control MPE extremo en formato de 21 teclas<\/a><\/div><time datetime=\"2026-04-17T16:45:16+00:00\" class=\"wp-block-rss__item-publish-date\">17 de abril de 2026<\/time> <\/li><li class='wp-block-rss__item'><div class='wp-block-rss__item-title'><a href='https:\/\/www.hispasonic.com\/noticias\/ppg-resucita-mitico-modular-system-300-wolfgang-palm\/49021'>PPG resucita el m\u00edtico Modular System 300 de Wolfgang Palm<\/a><\/div><time datetime=\"2026-04-16T16:49:55+00:00\" class=\"wp-block-rss__item-publish-date\">16 de abril de 2026<\/time> <\/li><li class='wp-block-rss__item'><div class='wp-block-rss__item-title'><a href='https:\/\/www.hispasonic.com\/noticias\/tim-exile-new-modular-system-proyecto-ambicioso-ingenioso-desarrollador\/49020'>Tim Exile New Modular System: \u00bfel proyecto m\u00e1s ambicioso de este ingenioso desarrollador?<\/a><\/div><time datetime=\"2026-04-16T15:32:24+00:00\" class=\"wp-block-rss__item-publish-date\">16 de abril de 2026<\/time> <\/li><li class='wp-block-rss__item'><div class='wp-block-rss__item-title'><a href='https:\/\/www.hispasonic.com\/noticias\/uad-explore-free-paquete-gratuito-8-plugins-luna-daw-universal-audio\/49019'>UAD Explore FREE: el paquete gratuito con 8 plugins y Luna DAW de Universal Audio<\/a><\/div><time datetime=\"2026-04-15T14:03:52+00:00\" class=\"wp-block-rss__item-publish-date\">15 de abril de 2026<\/time> <\/li><\/ul>\n\n\n<h3 class=\"has-text-align-center wp-block-heading\" id=\"noticias-hispasonic-actualizadas\" style=\"font-style:normal;font-weight:600\">Noticias Sound on Sound<\/h3>\n\n\n<ul class=\"has-dates alignleft wp-block-rss\"><li class='wp-block-rss__item'><div class='wp-block-rss__item-title'><a href='https:\/\/www.soundonsound.com\/news\/deity-microphones-announce-pr-4'>Deity Microphones announce the PR-4<\/a><\/div><time datetime=\"2026-04-20T06:30:00+00:00\" class=\"wp-block-rss__item-publish-date\">20 de abril de 2026<\/time> <\/li><li class='wp-block-rss__item'><div class='wp-block-rss__item-title'><a href='https:\/\/www.soundonsound.com\/news\/waves-update-sync-vx'>Waves update Sync Vx<\/a><\/div><time datetime=\"2026-04-19T06:30:00+00:00\" class=\"wp-block-rss__item-publish-date\">19 de abril de 2026<\/time> <\/li><li class='wp-block-rss__item'><div class='wp-block-rss__item-title'><a href='https:\/\/www.soundonsound.com\/news\/blackmagic-design-introduce-fairlight-live'>Blackmagic Design introduce Fairlight Live<\/a><\/div><time datetime=\"2026-04-18T06:30:00+00:00\" class=\"wp-block-rss__item-publish-date\">18 de abril de 2026<\/time> <\/li><li class='wp-block-rss__item'><div class='wp-block-rss__item-title'><a href='https:\/\/www.soundonsound.com\/news\/mpg-awards-2026-winners-announced'>MPG Awards 2026: Winners announced<\/a><\/div><time datetime=\"2026-04-17T12:00:00+00:00\" class=\"wp-block-rss__item-publish-date\">17 de abril de 2026<\/time> <\/li><\/ul><\/div>\n\n\n\n<div class=\"wp-block-column has-theme-palette-7-background-color has-background is-layout-flow wp-block-column-is-layout-flow\" style=\"flex-basis:30%\">\n<iframe style=\"border-radius:12px\" src=\"https:\/\/open.spotify.com\/embed\/playlist\/6AtMMo54Vc4kS6UF5yVGb4?utm_source=generator\" width=\"100%\" height=\"380\" frameBorder=\"0\" allowfullscreen=\"\" allow=\"autoplay; clipboard-write; encrypted-media; fullscreen; picture-in-picture\"><\/iframe>\n\n\n\n<iframe style=\"border-radius:12px\" src=\"https:\/\/open.spotify.com\/embed\/playlist\/520RJXMU1xHwLSgImrBWvI?utm_source=generator&#038;theme=0\" width=\"100%\" height=\"380\" frameBorder=\"0\" allowfullscreen=\"\" allow=\"autoplay; clipboard-write; encrypted-media; fullscreen; picture-in-picture\"><\/iframe>\n\n\n\n<figure class=\"wp-block-embed is-type-video is-provider-youtube wp-block-embed-youtube wp-embed-aspect-16-9 wp-has-aspect-ratio\"><div class=\"wp-block-embed__wrapper\">\n<iframe title=\"Max Cooper - Repetition (Official Video By Kevin McGloughlin)\" width=\"720\" height=\"405\" src=\"https:\/\/www.youtube.com\/embed\/nO9aot9RgQc?feature=oembed\" frameborder=\"0\" allow=\"accelerometer; autoplay; clipboard-write; encrypted-media; gyroscope; picture-in-picture\" allowfullscreen><\/iframe>\n<\/div><\/figure>\n\n\n\n<figure class=\"wp-block-embed is-type-video is-provider-youtube wp-block-embed-youtube wp-embed-aspect-16-9 wp-has-aspect-ratio\"><div class=\"wp-block-embed__wrapper\">\n<iframe title=\"Arca - Prada\/Rakata\" width=\"720\" height=\"405\" src=\"https:\/\/www.youtube.com\/embed\/NL-tvd8jeBc?feature=oembed\" frameborder=\"0\" allow=\"accelerometer; autoplay; clipboard-write; encrypted-media; gyroscope; picture-in-picture\" allowfullscreen><\/iframe>\n<\/div><\/figure>\n\n\n\n<figure class=\"wp-block-embed is-type-video is-provider-youtube wp-block-embed-youtube wp-embed-aspect-16-9 wp-has-aspect-ratio\"><div class=\"wp-block-embed__wrapper\">\n<iframe title=\"bj\u00f6rk: tabula rasa\" width=\"720\" height=\"405\" src=\"https:\/\/www.youtube.com\/embed\/mYbZw04ba78?feature=oembed\" frameborder=\"0\" allow=\"accelerometer; autoplay; clipboard-write; encrypted-media; gyroscope; picture-in-picture\" allowfullscreen><\/iframe>\n<\/div><\/figure>\n<\/div>\n<\/div>\n\n\n\n<div style=\"height:20px\" aria-hidden=\"true\" class=\"wp-block-spacer\"><\/div>\n","protected":false},"excerpt":{"rendered":"<p>Noticias Hispasonic Noticias Sound on Sound<\/p>\n","protected":false},"author":1,"featured_media":0,"parent":0,"menu_order":0,"comment_status":"open","ping_status":"closed","template":"elementor_theme","meta":{"_kad_post_transparent":"disable","_kad_post_title":"default","_kad_post_layout":"default","_kad_post_sidebar_id":"","_kad_post_content_style":"","_kad_post_vertical_padding":"hide","_kad_post_feature":"","_kad_post_feature_position":"","_kad_post_header":false,"_kad_post_footer":false,"_kad_post_classname":"","footnotes":""},"class_list":["post-41","page","type-page","status-publish","hentry"],"aioseo_notices":[],"_links":{"self":[{"href":"https:\/\/vicson.es\/index.php\/wp-json\/wp\/v2\/pages\/41","targetHints":{"allow":["GET"]}}],"collection":[{"href":"https:\/\/vicson.es\/index.php\/wp-json\/wp\/v2\/pages"}],"about":[{"href":"https:\/\/vicson.es\/index.php\/wp-json\/wp\/v2\/types\/page"}],"author":[{"embeddable":true,"href":"https:\/\/vicson.es\/index.php\/wp-json\/wp\/v2\/users\/1"}],"replies":[{"embeddable":true,"href":"https:\/\/vicson.es\/index.php\/wp-json\/wp\/v2\/comments?post=41"}],"version-history":[{"count":101,"href":"https:\/\/vicson.es\/index.php\/wp-json\/wp\/v2\/pages\/41\/revisions"}],"predecessor-version":[{"id":566,"href":"https:\/\/vicson.es\/index.php\/wp-json\/wp\/v2\/pages\/41\/revisions\/566"}],"wp:attachment":[{"href":"https:\/\/vicson.es\/index.php\/wp-json\/wp\/v2\/media?parent=41"}],"curies":[{"name":"wp","href":"https:\/\/api.w.org\/{rel}","templated":true}]}}